{"id":12,"date":"2026-05-15T09:14:04","date_gmt":"2026-05-15T13:14:04","guid":{"rendered":"https:\/\/dev.relationcanadainternational.com\/?page_id=12"},"modified":"2026-05-15T09:59:07","modified_gmt":"2026-05-15T13:59:07","slug":"accueil","status":"publish","type":"page","link":"https:\/\/dev.relationcanadainternational.com\/","title":{"rendered":"Accueil"},"content":{"rendered":"<h1>\n<p style=\"text-align: left;\">CONNECTER LES MARCH\u00c9S<br \/><span style=\"color: #e20e19;\">CR\u00c9ER DES OPPORTUNIT\u00c9S<\/span><\/p>\n<\/h1>\n<div>\n<p><strong>Relation Canada International<\/strong> accompagne les entreprises et organisations dans leur d\u00e9veloppement \u00e0 l\u2019international, tout en facilitant des connexions strat\u00e9giques entre partenaires, march\u00e9s et d\u00e9cideurs.<\/p>\n<p>\u00c0 travers un r\u00e9seau actif ici et \u00e0 l\u2019international, nous mettons en lumi\u00e8re des opportunit\u00e9s concr\u00e8tes et intervenons l\u00e0 o\u00f9 elles se cr\u00e9ent : \u00e9v\u00e9nements d\u2019affaires, missions commerciales et initiatives cibl\u00e9es. Une pr\u00e9sence terrain. Des connexions r\u00e9elles. Des r\u00e9sultats tangibles.<\/p>\n<\/div>\n<h2>Trois leviers activent concr\u00e8tement les opportunit\u00e9s \u00e0 l\u2019international.<\/h2>\n<h1>R\u00c9SEAU <span style=\"color: #ff2a2a;\">INTERNATIONAL<\/span><\/h1>\n<div>\n<p data-start=\"301\" data-end=\"453\">Acc\u00e8s \u00e0 un \u00e9cosyst\u00e8me d\u2019acteurs, d\u2019entreprises et d\u2019organisations engag\u00e9s dans le d\u00e9veloppement international et les \u00e9changes \u00e9conomiques entre march\u00e9s.<\/p>\n<\/div>\n<h1>VISIBILIT\u00c9  <span style=\"color: #ff2a2a;\"> &#038; INITIATIVES<\/span><\/h1>\n<div>\n<p>Mise en valeur de projets, d\u2019initiatives et d\u2019opportunit\u00e9s dans une perspective de d\u00e9veloppement d\u2019affaires et de positionnement strat\u00e9gique.<\/p>\n<\/div>\n<h1>CONNEXIONS <span style=\"color: #ff2a2a;\"> GLOBALES<\/span><\/h1>\n<div>\n<p>Cr\u00e9ation de liens entre partenaires, march\u00e9s et d\u00e9cideurs afin de g\u00e9n\u00e9rer des opportunit\u00e9s et soutenir l\u2019expansion internationale.<\/p>\n<\/div>\n<h1>\n<p>Une exp\u00e9rience concr\u00e8te d\u00e9velopp\u00e9e sur le terrain<\/p>\n<\/h1>\n<div>\n<p data-start=\"1490\" data-end=\"1679\">Au fil des ann\u00e9es, Relation Canada International a multipli\u00e9 les pr\u00e9sences, les collaborations et les initiatives dans diff\u00e9rents contextes d\u2019affaires et de d\u00e9veloppement international.<\/p>\n<p data-start=\"1681\" data-end=\"1849\">Cette exp\u00e9rience permet aujourd\u2019hui d\u2019accompagner des entreprises et des organisations dans leur expansion, leur positionnement et leur acc\u00e8s \u00e0 de nouveaux march\u00e9s.<\/p>\n<p data-start=\"1394\" data-end=\"1567\">Ces collaborations illustrent des projets, des partenariats et des initiatives d\u00e9velopp\u00e9s \u00e0 travers nos activit\u00e9s en d\u00e9veloppement d\u2019affaires et en ouverture de march\u00e9s.<\/p>\n<p data-start=\"1569\" data-end=\"1570\">\n<\/div>\n<ul>\n<li>\n<p>        <img decoding=\"async\" src=\"\/wp-content\/uploads\/2026\/05\/SIEC.png\" alt=\"\"><\/p>\n<h3>SIEC<\/h3>\n<\/li>\n<li>\n<p>        <img decoding=\"async\" src=\"\/wp-content\/uploads\/2026\/05\/Sherbooke-Street-Capital.png\" alt=\"\"><\/p>\n<h3>Sherbooke-Street-Capital<\/h3>\n<\/li>\n<li>\n<p>        <img decoding=\"async\" src=\"\/wp-content\/uploads\/2026\/05\/Salon_des_entrepreneurs.png\" alt=\"\"><\/p>\n<h3>Salon_des_entrepreneurs<\/h3>\n<\/li>\n<li>\n<p>        <img decoding=\"async\" src=\"\/wp-content\/uploads\/2026\/05\/RTR-Solution.png\" alt=\"\"><\/p>\n<h3>RTR-Solution<\/h3>\n<\/li>\n<li>\n<p>        <img decoding=\"async\" src=\"\/wp-content\/uploads\/2026\/05\/Mapic.png\" alt=\"\"><\/p>\n<h3>Mapic<\/h3>\n<\/li>\n<li>\n<p>        <img decoding=\"async\" src=\"\/wp-content\/uploads\/2026\/05\/Groupe_financier_Eterna.jpg\" alt=\"\"><\/p>\n<h3>Groupe_financier_Eterna<\/h3>\n<\/li>\n<li>\n<p>        <img decoding=\"async\" src=\"\/wp-content\/uploads\/2026\/05\/France-Quebec.jpg\" alt=\"\"><\/p>\n<h3>France-Quebec<\/h3>\n<\/li>\n<li>\n<p>        <img decoding=\"async\" src=\"\/wp-content\/uploads\/2026\/05\/EquipHotel.png\" alt=\"\"><\/p>\n<h3>EquipHotel<\/h3>\n<\/li>\n<li>\n<p>        <img decoding=\"async\" src=\"\/wp-content\/uploads\/2026\/05\/Auray.png\" alt=\"\"><\/p>\n<h3>Auray<\/h3>\n<\/li>\n<li>\n<p>        <img decoding=\"async\" src=\"\/wp-content\/uploads\/2026\/05\/Associastion_restauration_quebec.jpg\" alt=\"\"><\/p>\n<h3>Associastion_restauration_quebec<\/h3>\n<\/li>\n<li>\n<p>        <img decoding=\"async\" src=\"\/wp-content\/uploads\/2026\/05\/AHQ_logo_RCI.png\" alt=\"\"><\/p>\n<h3>AHQ_logo_RCI<\/h3>\n<\/li>\n<\/ul>\n<p><!--more--><br \/>\n<!-- {\"type\":\"layout\",\"children\":[{\"type\":\"section\",\"props\":{\"animation\":\"fade\",\"header_transparent\":true,\"header_transparent_noplaceholder\":false,\"header_transparent_text_color\":\"light\",\"image\":\"wp-content\/uploads\/2026\/05\/photo-1567449303070-ed66e1d59843-scaled.jpg\",\"image_position\":\"center-center\",\"image_size\":\"cover\",\"media_blend_mode\":\"lighten\",\"media_overlay\":\"rgba(9, 9, 9, 0.55)\",\"padding\":\"xsmall\",\"padding_remove_bottom\":false,\"padding_remove_top\":false,\"style\":\"secondary\",\"title_breakpoint\":\"xl\",\"title_position\":\"top-left\",\"title_rotation\":\"left\",\"vertical_align\":\"\",\"width\":\"default\"},\"children\":[{\"type\":\"row\",\"children\":[{\"type\":\"column\",\"props\":{\"image_position\":\"center-center\",\"position_sticky_breakpoint\":\"m\",\"width_medium\":\"3-5\"},\"children\":[{\"type\":\"headline\",\"props\":{\"content\":\"\n\n<p style=\\\"text-align: left;\\\">CONNECTER LES MARCH\u00c9S<br \/><span style=\\\"color: #e20e19;\\\">CR\u00c9ER DES OPPORTUNIT\u00c9S<\/span><\/p>\n\n\",\"image_align\":\"left\",\"image_margin\":\"xsmall\",\"margin\":\"small\",\"margin_remove_bottom\":false,\"margin_remove_top\":false,\"position\":\"relative\",\"position_top\":\"0\",\"title_element\":\"h1\",\"title_style\":\"h1\"}}]},{\"type\":\"column\",\"props\":{\"image_position\":\"center-center\",\"position_sticky_breakpoint\":\"m\",\"width_medium\":\"2-5\"}}],\"props\":{\"layout\":\"3-5,2-5\",\"margin\":\"remove-vertical\",\"margin_remove_top\":false}}],\"name\":\"Header\"},{\"type\":\"section\",\"props\":{\"image_position\":\"center-center\",\"style\":\"\",\"title_breakpoint\":\"xl\",\"title_position\":\"top-left\",\"title_rotation\":\"left\",\"vertical_align\":\"middle\",\"width\":\"default\"},\"children\":[{\"type\":\"row\",\"children\":[{\"type\":\"column\",\"props\":{\"image_position\":\"center-center\",\"position_sticky_breakpoint\":\"m\"},\"children\":[{\"type\":\"text\",\"props\":{\"column\":\"1-2\",\"column_breakpoint\":\"m\",\"content\":\"\n\n<p><strong>Relation Canada International<\/strong> accompagne les entreprises et organisations dans leur d\u00e9veloppement \u00e0 l\u2019international, tout en facilitant des connexions strat\u00e9giques entre partenaires, march\u00e9s et d\u00e9cideurs.<\/p>\n\n\\n\n\n<p>\u00c0 travers un r\u00e9seau actif ici et \u00e0 l\u2019international, nous mettons en lumi\u00e8re des opportunit\u00e9s concr\u00e8tes et intervenons l\u00e0 o\u00f9 elles se cr\u00e9ent : \u00e9v\u00e9nements d\u2019affaires, missions commerciales et initiatives cibl\u00e9es. Une pr\u00e9sence terrain. Des connexions r\u00e9elles. Des r\u00e9sultats tangibles.<\/p>\n\n\",\"margin\":\"default\",\"margin_bottom\":\"default\",\"margin_top\":\"default\"}}]}]}]},{\"type\":\"section\",\"props\":{\"animation\":\"scale-up\",\"image_position\":\"center-center\",\"image_size\":\"cover\",\"media_overlay\":\"rgba(255, 255, 255, 0.96)\",\"padding\":\"small\",\"padding_remove_top\":false,\"style\":\"muted\",\"title_breakpoint\":\"xl\",\"title_position\":\"top-left\",\"title_rotation\":\"left\",\"vertical_align\":\"\",\"width\":\"small\"},\"children\":[{\"type\":\"row\",\"children\":[{\"type\":\"column\",\"props\":{\"image_position\":\"center-center\",\"position_sticky_breakpoint\":\"m\"},\"children\":[{\"type\":\"headline\",\"props\":{\"content\":\"Trois leviers activent concr\u00e8tement les opportunit\u00e9s \u00e0 l\u2019international.\",\"image_align\":\"left\",\"image_margin\":\"xsmall\",\"text_align\":\"center\",\"title_element\":\"h2\",\"title_style\":\"h2\"}}]}]},{\"type\":\"row\",\"props\":{\"divider\":false,\"layout\":\"1-3,1-3,1-3\",\"margin\":\"default\"},\"children\":[{\"type\":\"column\",\"props\":{\"image_position\":\"center-center\",\"position_sticky_breakpoint\":\"m\",\"width_medium\":\"1-3\",\"width_small\":\"1-3\"},\"children\":[{\"type\":\"fragment\",\"props\":{\"class\":\"box-pro\",\"css\":\".box-pro {\\n    background: #ffffff;\\n    border: 1px solid #f0f0f0;\\n    padding: 35px;\\n    border-radius: 10px;\\n    box-shadow: 0 10px 30px rgba(0,0,0,0.08);\\n    transition: all 0.3s ease;\\n}\\n\\n.box-pro:hover {\\n    transform: translateY(-5px);\\n    box-shadow: 0 15px 40px rgba(0,0,0,0.12);\\n}\",\"margin\":\"default\",\"margin_bottom\":\"default\",\"margin_top\":\"default\"},\"children\":[{\"type\":\"row\",\"children\":[{\"type\":\"column\",\"props\":{\"image_position\":\"center-center\",\"position_sticky_breakpoint\":\"m\"},\"children\":[{\"type\":\"headline\",\"props\":{\"content\":\"R\u00c9SEAU <span style=\\\"color: #ff2a2a;\\\">INTERNATIONAL<\/span>\",\"image_align\":\"left\",\"image_margin\":\"xsmall\",\"text_align\":\"center\",\"title_decoration\":\"bullet\",\"title_element\":\"h1\",\"title_style\":\"h4\"}},{\"type\":\"text\",\"props\":{\"column_breakpoint\":\"m\",\"content\":\"\n\n<p data-start=\\\"301\\\" data-end=\\\"453\\\">Acc\u00e8s \u00e0 un \u00e9cosyst\u00e8me d\u2019acteurs, d\u2019entreprises et d\u2019organisations engag\u00e9s dans le d\u00e9veloppement international et les \u00e9changes \u00e9conomiques entre march\u00e9s.<\/p>\n\n\",\"margin\":\"default\",\"margin_bottom\":\"default\",\"margin_top\":\"default\",\"text_align\":\"center\",\"text_style\":\"small\"}},{\"type\":\"icon\",\"props\":{\"animation\":\"scale-down\",\"icon\":\"world\",\"icon_color\":\"muted\",\"icon_width\":60,\"margin\":\"default\",\"margin_bottom\":\"default\",\"margin_top\":\"default\",\"position_top\":\"0\",\"status\":\"disabled\",\"text_align\":\"center\"}}]}]}]}]},{\"type\":\"column\",\"props\":{\"image_position\":\"center-center\",\"position_sticky_breakpoint\":\"m\",\"preserve_color\":false,\"width_medium\":\"1-3\",\"width_small\":\"1-3\"},\"children\":[{\"type\":\"fragment\",\"props\":{\"class\":\"box-pro\",\"margin\":\"default\",\"margin_bottom\":\"default\",\"margin_top\":\"default\"},\"children\":[{\"type\":\"row\",\"children\":[{\"type\":\"column\",\"props\":{\"image_position\":\"center-center\",\"position_sticky_breakpoint\":\"m\"},\"children\":[{\"type\":\"headline\",\"props\":{\"content\":\"VISIBILIT\u00c9  <span style=\\\"color: #ff2a2a;\\\"> & INITIATIVES<\/span>\",\"image_align\":\"left\",\"image_margin\":\"xsmall\",\"text_align\":\"center\",\"title_decoration\":\"bullet\",\"title_element\":\"h1\",\"title_style\":\"h4\"}},{\"type\":\"text\",\"props\":{\"column_breakpoint\":\"m\",\"content\":\"\n\n<p>Mise en valeur de projets, d\u2019initiatives et d\u2019opportunit\u00e9s dans une perspective de d\u00e9veloppement d\u2019affaires et de positionnement strat\u00e9gique.<\/p>\n\n\",\"margin\":\"default\",\"margin_bottom\":\"default\",\"margin_top\":\"default\",\"text_align\":\"center\",\"text_style\":\"small\"}},{\"type\":\"icon\",\"props\":{\"animation\":\"scale-down\",\"icon\":\"commenting\",\"icon_color\":\"muted\",\"icon_width\":60,\"margin\":\"default\",\"margin_bottom\":\"default\",\"margin_top\":\"default\",\"status\":\"disabled\",\"text_align\":\"center\"}}]}]}]}]},{\"type\":\"column\",\"props\":{\"image_position\":\"center-center\",\"position_sticky_breakpoint\":\"m\",\"width_default\":\"1-3\",\"width_medium\":\"1-3\",\"width_small\":\"1-3\"},\"children\":[{\"type\":\"fragment\",\"props\":{\"class\":\"box-pro\",\"margin\":\"default\",\"margin_bottom\":\"default\",\"margin_top\":\"default\"},\"children\":[{\"type\":\"row\",\"children\":[{\"type\":\"column\",\"props\":{\"image_position\":\"center-center\",\"position_sticky_breakpoint\":\"m\"},\"children\":[{\"type\":\"headline\",\"props\":{\"content\":\"CONNEXIONS <span style=\\\"color: #ff2a2a;\\\"> GLOBALES<\/span>\",\"image_align\":\"left\",\"image_margin\":\"xsmall\",\"text_align\":\"center\",\"title_decoration\":\"bullet\",\"title_element\":\"h1\",\"title_style\":\"h4\"}},{\"type\":\"text\",\"props\":{\"column_breakpoint\":\"m\",\"content\":\"\n\n<p>Cr\u00e9ation de liens entre partenaires, march\u00e9s et d\u00e9cideurs afin de g\u00e9n\u00e9rer des opportunit\u00e9s et soutenir l\u2019expansion internationale.<\/p>\n\n\",\"margin\":\"default\",\"margin_bottom\":\"default\",\"margin_top\":\"default\",\"text_align\":\"center\",\"text_style\":\"small\"}},{\"type\":\"icon\",\"props\":{\"animation\":\"scale-down\",\"icon\":\"social\",\"icon_color\":\"muted\",\"icon_width\":60,\"margin\":\"default\",\"margin_bottom\":\"default\",\"margin_top\":\"default\",\"status\":\"disabled\",\"text_align\":\"center\"}}]}]}]}]}]},{\"type\":\"row\",\"children\":[{\"type\":\"column\",\"props\":{\"image_position\":\"center-center\",\"position_sticky_breakpoint\":\"m\"},\"children\":[{\"type\":\"headline\",\"props\":{\"content\":\"\n\n<p>Une exp\u00e9rience concr\u00e8te d\u00e9velopp\u00e9e sur le terrain<\/p>\n\n\",\"image_align\":\"left\",\"image_margin\":\"xsmall\",\"text_align\":\"left\",\"title_color\":\"emphasis\",\"title_element\":\"h1\",\"title_style\":\"h3\"}},{\"type\":\"text\",\"props\":{\"column_breakpoint\":\"m\",\"content\":\"\n\n<p data-start=\\\"1490\\\" data-end=\\\"1679\\\">Au fil des ann\u00e9es, Relation Canada International a multipli\u00e9 les pr\u00e9sences, les collaborations et les initiatives dans diff\u00e9rents contextes d\u2019affaires et de d\u00e9veloppement international.<\/p>\n\n\\n\n\n<p data-start=\\\"1681\\\" data-end=\\\"1849\\\">Cette exp\u00e9rience permet aujourd\u2019hui d\u2019accompagner des entreprises et des organisations dans leur expansion, leur positionnement et leur acc\u00e8s \u00e0 de nouveaux march\u00e9s.<\/p>\n\n\\n\n\n<p data-start=\\\"1394\\\" data-end=\\\"1567\\\">Ces collaborations illustrent des projets, des partenariats et des initiatives d\u00e9velopp\u00e9s \u00e0 travers nos activit\u00e9s en d\u00e9veloppement d\u2019affaires et en ouverture de march\u00e9s.<\/p>\n\n\\n\n\n<p data-start=\\\"1569\\\" data-end=\\\"1570\\\">\n\n\",\"margin\":\"default\",\"margin_bottom\":\"default\",\"margin_top\":\"default\",\"text_style\":\"small\"}}]}]}],\"name\":\"Services\"},{\"type\":\"section\",\"props\":{\"image_position\":\"center-center\",\"style\":\"default\",\"title_breakpoint\":\"xl\",\"title_position\":\"top-left\",\"title_rotation\":\"left\",\"vertical_align\":\"middle\",\"width\":\"default\"},\"children\":[{\"type\":\"row\",\"children\":[{\"type\":\"column\",\"props\":{\"image_position\":\"center-center\",\"position_sticky_breakpoint\":\"m\"},\"children\":[{\"type\":\"overlay-slider\",\"props\":{\"height_expand\":false,\"image_width\":250,\"link_style\":\"default\",\"link_text\":\"Read more\",\"margin\":\"medium\",\"margin_bottom\":\"default\",\"margin_top\":\"default\",\"meta_align\":\"below-title\",\"meta_element\":\"div\",\"meta_style\":\"text-meta\",\"nav\":\"\",\"nav_align\":\"center\",\"nav_below\":true,\"nav_breakpoint\":\"s\",\"nav_position\":\"bottom-center\",\"nav_position_margin\":\"medium\",\"overlay_mode\":\"cover\",\"overlay_position\":\"center\",\"overlay_transition\":\"fade\",\"show_content\":false,\"show_hover_image\":false,\"show_hover_video\":false,\"show_link\":false,\"show_meta\":false,\"show_title\":false,\"slidenav\":\"default\",\"slidenav_breakpoint\":\"s\",\"slidenav_margin\":\"\",\"slidenav_outside_breakpoint\":\"xl\",\"slider_autoplay\":true,\"slider_autoplay_interval\":\"6\",\"slider_autoplay_pause\":false,\"slider_center\":false,\"slider_divider\":false,\"slider_finite\":false,\"slider_gap\":\"default\",\"slider_sets\":true,\"slider_width\":\"fixed\",\"slider_width_default\":\"1-2\",\"slider_width_medium\":\"1-4\",\"slider_width_small\":\"1-3\",\"text_align\":\"center\",\"text_blend\":false,\"text_color_hover\":false,\"title_element\":\"h3\",\"title_hover_style\":\"reset\"},\"children\":[{\"type\":\"overlay-slider_item\",\"props\":{\"image\":\"wp-content\/uploads\/2026\/05\/SIEC.png\",\"title\":\"SIEC\"}},{\"type\":\"overlay-slider_item\",\"props\":{\"image\":\"wp-content\/uploads\/2026\/05\/Sherbooke-Street-Capital.png\",\"title\":\"Sherbooke-Street-Capital\"}},{\"type\":\"overlay-slider_item\",\"props\":{\"image\":\"wp-content\/uploads\/2026\/05\/Salon_des_entrepreneurs.png\",\"title\":\"Salon_des_entrepreneurs\"}},{\"type\":\"overlay-slider_item\",\"props\":{\"image\":\"wp-content\/uploads\/2026\/05\/RTR-Solution.png\",\"title\":\"RTR-Solution\"}},{\"type\":\"overlay-slider_item\",\"props\":{\"image\":\"wp-content\/uploads\/2026\/05\/Mapic.png\",\"title\":\"Mapic\"}},{\"type\":\"overlay-slider_item\",\"props\":{\"image\":\"wp-content\/uploads\/2026\/05\/Groupe_financier_Eterna.jpg\",\"title\":\"Groupe_financier_Eterna\"}},{\"type\":\"overlay-slider_item\",\"props\":{\"image\":\"wp-content\/uploads\/2026\/05\/France-Quebec.jpg\",\"title\":\"France-Quebec\"}},{\"type\":\"overlay-slider_item\",\"props\":{\"image\":\"wp-content\/uploads\/2026\/05\/EquipHotel.png\",\"title\":\"EquipHotel\"}},{\"type\":\"overlay-slider_item\",\"props\":{\"image\":\"wp-content\/uploads\/2026\/05\/Auray.png\",\"title\":\"Auray\"}},{\"type\":\"overlay-slider_item\",\"props\":{\"image\":\"wp-content\/uploads\/2026\/05\/Associastion_restauration_quebec.jpg\",\"title\":\"Associastion_restauration_quebec\"}},{\"type\":\"overlay-slider_item\",\"props\":{\"image\":\"wp-content\/uploads\/2026\/05\/AHQ_logo_RCI.png\",\"title\":\"AHQ_logo_RCI\"}}]}]}]}]}],\"version\":\"5.0.32\"} --><\/p>\n","protected":false},"excerpt":{"rendered":"<p>CONNECTER LES MARCH\u00c9SCR\u00c9ER DES OPPORTUNIT\u00c9S Relation Canada International accompagne les entreprises et organisations dans leur d\u00e9veloppement \u00e0 l\u2019international, tout en facilitant des connexions strat\u00e9giques entre partenaires, march\u00e9s et d\u00e9cideurs. \u00c0 travers un r\u00e9seau actif ici et \u00e0 l\u2019international, nous mettons en lumi\u00e8re des opportunit\u00e9s concr\u00e8tes et intervenons l\u00e0 o\u00f9 elles se cr\u00e9ent : \u00e9v\u00e9nements d\u2019affaires, [&hellip;]<\/p>\n","protected":false},"author":1,"featured_media":0,"parent":0,"menu_order":0,"comment_status":"closed","ping_status":"closed","template":"","meta":{"footnotes":""},"class_list":["post-12","page","type-page","status-publish","hentry"],"_links":{"self":[{"href":"https:\/\/dev.relationcanadainternational.com\/index.php\/wp-json\/wp\/v2\/pages\/12","targetHints":{"allow":["GET"]}}],"collection":[{"href":"https:\/\/dev.relationcanadainternational.com\/index.php\/wp-json\/wp\/v2\/pages"}],"about":[{"href":"https:\/\/dev.relationcanadainternational.com\/index.php\/wp-json\/wp\/v2\/types\/page"}],"author":[{"embeddable":true,"href":"https:\/\/dev.relationcanadainternational.com\/index.php\/wp-json\/wp\/v2\/users\/1"}],"replies":[{"embeddable":true,"href":"https:\/\/dev.relationcanadainternational.com\/index.php\/wp-json\/wp\/v2\/comments?post=12"}],"version-history":[{"count":11,"href":"https:\/\/dev.relationcanadainternational.com\/index.php\/wp-json\/wp\/v2\/pages\/12\/revisions"}],"predecessor-version":[{"id":45,"href":"https:\/\/dev.relationcanadainternational.com\/index.php\/wp-json\/wp\/v2\/pages\/12\/revisions\/45"}],"wp:attachment":[{"href":"https:\/\/dev.relationcanadainternational.com\/index.php\/wp-json\/wp\/v2\/media?parent=12"}],"curies":[{"name":"wp","href":"https:\/\/api.w.org\/{rel}","templated":true}]}}